{"id":274,"date":"2022-12-16T13:24:40","date_gmt":"2022-12-16T12:24:40","guid":{"rendered":"https:\/\/www.hugofreund.com\/privacy-policy\/"},"modified":"2023-01-31T12:01:18","modified_gmt":"2023-01-31T11:01:18","slug":"privacy-policy","status":"publish","type":"page","link":"https:\/\/www.hugofreund.com\/en\/privacy-policy\/","title":{"rendered":"Privacy Policy"},"content":{"rendered":"\n<h3 class=\"wp-block-heading\">Kdo je odpov\u011bdn\u00fd za zpracov\u00e1n\u00ed Va\u0161ich osobn\u00edch \u00fadaj\u016f?<\/h3>\n\n\n\n<p><\/p>\n\n\n\n<p class=\"has-medium-font-size\"><strong>Spr\u00e1vce:<\/strong><\/p>\n\n\n\n<p class=\"has-medium-font-size\">HugoFreund.com&nbsp;<em>Hugo Freund &amp; Co. s.r.o.,<\/em>I\u010cO: 01688138,<em>&nbsp;Gol<\/em><em>\u010dova 486, Kunratice, 140 04, Praha, Czechia,&nbsp;<\/em>(\u201e<strong>Spr<\/strong><strong>\u00e1vce<\/strong>\u201c nebo \u201e<strong>my<\/strong>\u201c)<\/p>\n\n\n\n<p class=\"has-medium-font-size\">Kontaktn\u00ed \u00fadaje:&nbsp;8@HugoFreund.com<\/p>\n\n\n\n<p class=\"has-medium-font-size\"><\/p>\n\n\n\n<p><\/p>\n\n\n\n<p class=\"has-medium-font-size\"><strong>Pro\u010d a jak jsou Va\u0161e osobn\u00ed \u00fadaje zpracov\u00e1v\u00e1ny?<\/strong><\/p>\n\n\n\n<p class=\"has-medium-font-size\"><strong>\u00da\u010dely zpracov\u00e1n\u00ed:<\/strong><\/p>\n\n\n\n<p class=\"has-medium-font-size\">Spr\u00e1vce zpracov\u00e1v\u00e1 Va\u0161e osobn\u00ed \u00fadaje<\/p>\n\n\n\n<p class=\"has-medium-font-size\">\u2022 v rozsahu uveden\u00e9m na smlouv\u011b\/reklama\u010dn\u00edm protokolu<\/p>\n\n\n\n<p class=\"has-medium-font-size\">\u2022 Va\u0161\u00ed transak\u010dn\u00ed historii, p\u0159\u00edpadn\u011b v\u00fdsledky reklama\u010dn\u00edho \u0159\u00edzen\u00ed<\/p>\n\n\n\n<p class=\"has-medium-font-size\">\u2022 obchodn\u00ed komunikaci a<\/p>\n\n\n\n<p class=\"has-medium-font-size\">\u2022 dal\u0161\u00ed \u00fadaje, kter\u00e9 v\u011bdom\u011b a dobrovoln\u011b poskytnete v r\u00e1mci pln\u011bn\u00ed jednotliv\u00fdch zak\u00e1zek (nap\u0159. \u00fadaje o rodinn\u00fdch p\u0159\u00edslu\u0161n\u00edc\u00edch nebo bl\u00edzk\u00fdch osob\u00e1ch)<\/p>\n\n\n\n<p class=\"has-medium-font-size\">pro n\u00e1sleduj\u00edc\u00ed \u00fa\u010dely:<\/p>\n\n\n\n<p class=\"has-medium-font-size\">\u2022 P\u0159\u00edjem a vy\u0159izov\u00e1n\u00ed objedn\u00e1vek z\u00e1kazn\u00edka a fakturace z\u00e1kazn\u00edka<\/p>\n\n\n\n<p class=\"has-medium-font-size\">\u2022 Obchodn\u00ed komunikace<\/p>\n\n\n\n<p class=\"has-medium-font-size\">\u2022 Pln\u011bn\u00ed v\u0161ech pr\u00e1v a povinnost\u00ed, kter\u00e9 vypl\u00fdvaj\u00ed ze smlouvy uzav\u0159en\u00e9 mezi Spr\u00e1vcem a V\u00e1mi<\/p>\n\n\n\n<p class=\"has-medium-font-size\">\u2022 Vy\u0159izov\u00e1n\u00ed uplatn\u011bn\u00fdch reklamac\u00ed<\/p>\n\n\n\n<p class=\"has-medium-font-size\">\u2022 Ochrana pr\u00e1v Spr\u00e1vce (nap\u0159. vym\u00e1h\u00e1n\u00ed dlu\u017en\u00fdch \u010d\u00e1stek)<\/p>\n\n\n\n<p class=\"has-medium-font-size\">\u2022 Veden\u00ed \u00fa\u010detnictv\u00ed<\/p>\n\n\n\n<p class=\"has-medium-font-size\">\u2022 P\u0159\u00edm\u00fd marketing v\u010detn\u011b z\u00e1kladn\u00ed profilace a zas\u00edl\u00e1n\u00ed obchodn\u00edch sd\u011blen\u00ed (nap\u0159. zas\u00edl\u00e1n\u00ed novinek, slevov\u00fdch nab\u00eddek nebo pozv\u00e1nek na marketingov\u00e9 akce) elektronick\u00fdmi prost\u0159edky (nap\u0159. e-mail, SMS), pokud tento zp\u016fsob marketingov\u00e9 komunikace p\u0159edem neodm\u00edtnete<\/p>\n\n\n\n<p class=\"has-medium-font-size\">Osobn\u00ed \u00fadaje jsou zpracov\u00e1v\u00e1ny automatizovan\u011b (v datab\u00e1zi z\u00e1kazn\u00edk\u016f) i v pap\u00edrov\u00e9 podob\u011b.<\/p>\n\n\n\n<p class=\"has-medium-font-size\"><\/p>\n\n\n\n<p><\/p>\n\n\n\n<p class=\"has-medium-font-size\"><strong>Pr\u00e1vn\u00ed z\u00e1klad:<\/strong><\/p>\n\n\n\n<p class=\"has-medium-font-size\">Spr\u00e1vce je opr\u00e1vn\u011bn zpracov\u00e1vat Va\u0161e osobn\u00ed \u00fadaje bez souhlasu, nebo\u0165 prov\u00e1d\u00ed zpracov\u00e1n\u00ed, kter\u00e9 je nezbytn\u00e9 pro pln\u011bn\u00ed smlouvy uzav\u0159en\u00e9 s V\u00e1mi a pln\u011bn\u00ed z\u00e1konn\u00fdch povinnost\u00ed.<\/p>\n\n\n\n<p class=\"has-medium-font-size\">Poskytnut\u00ed osobn\u00edch \u00fadaj\u016f je z\u00e1konn\u00fdm nebo smluvn\u00edm po\u017eadavkem a bez t\u011bchto \u00fadaj\u016f nebude mo\u017en\u00e9 p\u0159ijmout\/vy\u0159\u00eddit Va\u0161i objedn\u00e1vku\/zak\u00e1zku nebo reklamaci.<\/p>\n\n\n\n<p class=\"has-medium-font-size\">Spr\u00e1vce je opr\u00e1vn\u011bn tak\u00e9 zpracov\u00e1vat Va\u0161e osobn\u00ed \u00fadaje z d\u016fvodu opr\u00e1vn\u011bn\u00fdch z\u00e1jm\u016f spr\u00e1vce (nap\u0159. vym\u00e1h\u00e1n\u00ed pohled\u00e1vek po z\u00e1kazn\u00edc\u00edch, obrana v soudn\u00edch sporech).<\/p>\n\n\n\n<p class=\"has-medium-font-size\">Spr\u00e1vce je d\u00e1le opr\u00e1vn\u011bn zpracov\u00e1vat Va\u0161e osobn\u00ed \u00fadaje pro \u00fa\u010dely p\u0159\u00edm\u00e9ho marketingu na z\u00e1klad\u011b opr\u00e1vn\u011bn\u00e9ho z\u00e1jmu spr\u00e1vce, pokud nevznesete n\u00e1mitku proti tomuto zpracov\u00e1n\u00ed.<\/p>\n\n\n\n<p class=\"has-medium-font-size\"><strong>Komu mohou b\u00fd<\/strong>&nbsp;<strong>t Va<\/strong>&nbsp;<strong>\u0161e \u00fadaje poskytnuty nebo zp\u0159\u00edstupn\u011b<\/strong>&nbsp;<strong>ny?<\/strong><strong><\/strong><\/p>\n\n\n\n<p class=\"has-medium-font-size\"><\/p>\n\n\n\n<p><\/p>\n\n\n\n<p class=\"has-medium-font-size\"><strong>Zpracovatel\u00e9<\/strong>&nbsp;<strong>:<\/strong><\/p>\n\n\n\n<p class=\"has-medium-font-size\">Va\u0161e osobn\u00ed \u00fadaje jsou zpracov\u00e1v\u00e1ny krom\u011b na\u0161ich zam\u011bstnanc\u016f tak\u00e9 t\u0159et\u00edmi osobami, kter\u00e9 Spr\u00e1vce pov\u011b\u0159il nebo pov\u011b\u0159\u00ed na z\u00e1klad\u011b smlouvy o zpracov\u00e1n\u00ed osobn\u00edch \u00fadaj\u016f.<\/p>\n\n\n\n<p class=\"has-medium-font-size\">Zpracovatele vyu\u017e\u00edv\u00e1me nap\u0159. p\u0159i na\u0161\u00ed obchodn\u00ed, administrativn\u00ed a marketingov\u00e9 \u010dinnosti, kdy spolupracujeme s na\u0161\u00ed sp\u0159\u00edzn\u011bnou spole\u010dnost\u00ed Hugo Freund &amp; Co. s.r.o. (Gol\u010dova 486, Kunratice, 148 00 Praha 4), kter\u00e1 m\u016f\u017ee osobn\u00ed \u00fadaje sd\u00edlet s dal\u0161\u00edmi zpracovateli (nap\u0159. IT firma, marketingov\u00e1 agentura).<\/p>\n\n\n\n<p class=\"has-medium-font-size\"><\/p>\n\n\n\n<p><\/p>\n\n\n\n<p class=\"has-medium-font-size\"><strong>Dal\u0161\u00ed p\u0159\u00edjemci:<\/strong><\/p>\n\n\n\n<p class=\"has-medium-font-size\">Va\u0161e osobn\u00ed \u00fadaje mohou b\u00fdt poskytnuty dal\u0161\u00edm t\u0159et\u00edm osob\u00e1m v p\u0159\u00edpad\u011b, \u017ee zp\u0159\u00edstupn\u011bn\u00ed p\u0159edstavuje povinnost stanovenou z\u00e1konem (nap\u0159. org\u00e1ny \u010dinn\u00e9 v trestn\u00edm \u0159\u00edzen\u00ed, soudy) nebo jsou osobn\u00ed \u00fadaje zp\u0159\u00edstupn\u011bny z d\u016fvodu ochrany pr\u00e1v spr\u00e1vce (nap\u0159. advok\u00e1ti), p\u0159\u00edpadn\u011b p\u0159i doru\u010dov\u00e1n\u00ed p\u00edsemn\u00e9 komunikace (nap\u0159. \u010cesk\u00e1 po\u0161ta, s.p., tisk\u00e1rna). Na z\u00e1klad\u011b Va\u0161\u00ed \u017e\u00e1dosti mohou b\u00fdt Va\u0161e \u00fadaje p\u0159ed\u00e1ny tak\u00e9 jin\u00e9mu partneru firmy Hugo Freund &amp; Co. s.r.o..<\/p>\n\n\n\n<p class=\"has-medium-font-size\"><\/p>\n\n\n\n<p><\/p>\n\n\n\n<p class=\"has-medium-font-size\"><strong>Mohou b\u00fdt osobn\u00ed \u00fadaje p\u0159ed\u00e1ny do zem\u00ed mimo EHP?<\/strong><\/p>\n\n\n\n<p class=\"has-medium-font-size\">Va\u0161e osobn\u00ed \u00fadaje nebudou p\u0159ed\u00e1v\u00e1ny mimo Evropskou unii, resp. Evropsk\u00fd hospod\u00e1\u0159sk\u00fd prostor.<\/p>\n\n\n\n<p class=\"has-medium-font-size\"><\/p>\n\n\n\n<p><\/p>\n\n\n\n<p class=\"has-medium-font-size\"><strong>Jak dlouho budeme Va\u0161e osobn\u00ed \u00fadaje uchov\u00e1<\/strong>&nbsp;<strong>vat?<\/strong><\/p>\n\n\n\n<p class=\"has-medium-font-size\">Osobn\u00ed \u00fadaje (kontakty, n\u00e1kupn\u00ed historie, obchodn\u00ed a marketingov\u00e1 komunikace) budou uchov\u00e1v\u00e1ny po dobu trv\u00e1n\u00ed \u010dinnosti Spr\u00e1vce, pokud nevznesete n\u00e1mitku proti zpracov\u00e1n\u00ed pro \u00fa\u010dely p\u0159\u00edm\u00e9ho marketingu.<\/p>\n\n\n\n<p class=\"has-medium-font-size\">V p\u0159\u00edpad\u011b, \u017ee vznesete n\u00e1mitku proti p\u0159\u00edm\u00e9mu marketingu, budeme Va\u0161e osobn\u00ed \u00fadaje uchov\u00e1vat nejd\u00e9le po dobu 5 kalend\u00e1\u0159n\u00edch let od posledn\u00edho obchodn\u00edho kontaktu s V\u00e1mi.<\/p>\n\n\n\n<p class=\"has-medium-font-size\">Da\u0148ov\u00e9 doklady a \u00fa\u010detn\u00ed z\u00e1znamy budou uchov\u00e1v\u00e1ny po dobu stanovenou p\u0159\u00edslu\u0161n\u00fdmi pr\u00e1vn\u00edmi p\u0159edpisy (nejd\u00e9le 10 let od konce \u00fa\u010detn\u00edho obdob\u00ed).<\/p>\n\n\n\n<p class=\"has-medium-font-size\"><\/p>\n\n\n\n<p><\/p>\n\n\n\n<p class=\"has-medium-font-size\"><strong>Jak\u00e1 m\u00e1te pr\u00e1<\/strong><strong>va?<\/strong><\/p>\n\n\n\n<p class=\"has-medium-font-size\">\u2022 Pr\u00e1vo na informace o zpracov\u00e1n\u00ed Va\u0161ich osobn\u00edch \u00fadaj\u016f<\/p>\n\n\n\n<p class=\"has-medium-font-size\">\u2022 Pr\u00e1vo na p\u0159\u00edstup k osobn\u00edm \u00fadaj\u016fm v\u010detn\u011b pr\u00e1va na kopii Va\u0161ich osobn\u00edch \u00fadaj\u016f a na p\u0159enositelnost Va\u0161ich osobn\u00edch \u00fadaj\u016f k jin\u00e9mu spr\u00e1vci<\/p>\n\n\n\n<p class=\"has-medium-font-size\">\u2022 Pr\u00e1vo na opravu osobn\u00edch \u00fadaj\u016f<\/p>\n\n\n\n<p class=\"has-medium-font-size\">\u2022 Pr\u00e1vo na v\u00fdmaz (pokud bude vznesena n\u00e1mitka proti p\u0159\u00edm\u00e9mu marketingu nebo uplyne doba pro uchov\u00e1n\u00ed osobn\u00edch \u00fadaj\u016f)<\/p>\n\n\n\n<p class=\"has-medium-font-size\">\u2022 Pr\u00e1vo na omezen\u00ed zpracov\u00e1n\u00ed (pokud zpochybn\u00edte p\u0159esnost zpracov\u00e1van\u00fdch osobn\u00edch \u00fadaj\u016f, budete po\u017eadovat omezen\u00ed zpracov\u00e1n\u00ed m\u00edsto v\u00fdmazu osobn\u00edch \u00fadaj\u016f nebo uplatn\u00edte n\u00e1mitku proti zpracov\u00e1n\u00ed z d\u016fvodu opr\u00e1vn\u011bn\u00e9ho z\u00e1jmu spr\u00e1vce)<\/p>\n\n\n\n<p class=\"has-medium-font-size\"><strong>PROTI ZPRACOV<\/strong>&nbsp;<strong>\u00c1N\u00cd OSOBN\u00cd<\/strong>&nbsp;<strong>CH&nbsp;<\/strong><strong>\u00daDAJ\u016e&nbsp;<\/strong><strong>PRO&nbsp;<\/strong><strong>\u00da\u010c<\/strong>&nbsp;<strong>ELY P<\/strong>&nbsp;<strong>\u0158\u00cdM<\/strong>&nbsp;<strong>\u00c9<\/strong>&nbsp;<strong>HO MARKETINGU M<\/strong>&nbsp;<strong>\u016e\u017d<\/strong>&nbsp;<strong>ETE KDYKOLI VZN<\/strong>&nbsp;<strong>\u00c9<\/strong>&nbsp;<strong>ST N<\/strong>&nbsp;<strong>\u00c1MITKU A OSOBN\u00cd \u00daDAJE BUDOU VYMAZ\u00c1NY A SKARTOV\u00c1<\/strong>&nbsp;<strong>NY (POKUD NEBUDE M<\/strong>&nbsp;<strong>\u00cdT SPR\u00c1<\/strong>&nbsp;<strong>VCE JIN<\/strong>&nbsp;<strong>\u00dd D\u016e<\/strong>&nbsp;<strong>VOD PRO JEJICH ZPRACOV<\/strong>&nbsp;<strong>\u00c1N\u00cd).<\/strong><\/p>\n\n\n\n<p class=\"has-medium-font-size\"><strong>PROTI ZPRACOV<\/strong>&nbsp;<strong>\u00c1N\u00cd OSOBN\u00cd<\/strong>&nbsp;<strong>CH&nbsp;<\/strong><strong>\u00daDAJ\u016e Z D\u016e<\/strong>&nbsp;<strong>VODU JIN<\/strong>&nbsp;<strong>\u00dd<\/strong>&nbsp;<strong>CH OPR<\/strong>&nbsp;<strong>\u00c1VN\u011aN\u00dd<\/strong>&nbsp;<strong>CH Z<\/strong>&nbsp;<strong>\u00c1JM\u016e SPR\u00c1<\/strong>&nbsp;<strong>VCE M<\/strong>&nbsp;<strong>\u016e\u017dETE TAK<\/strong>&nbsp;<strong>\u00c9&nbsp;<\/strong><strong>KDYKOLI VZN<\/strong>&nbsp;<strong>\u00c9<\/strong>&nbsp;<strong>ST N<\/strong>&nbsp;<strong>\u00c1MITKU A OSOBN\u00cd \u00daDAJE BUDOU VYMAZ\u00c1NY, POKUD SPR\u00c1VCE NEPROK\u00c1\u017d&nbsp;<\/strong><strong>E Z<\/strong>&nbsp;<strong>\u00c1VA\u017dN<\/strong>&nbsp;<strong>\u00c9&nbsp;<\/strong><strong>OPR\u00c1VN\u011aN<\/strong>&nbsp;<strong>\u00c9&nbsp;<\/strong><strong>D\u016e<\/strong>&nbsp;<strong>VODY PRO ZPRACOV<\/strong>&nbsp;<strong>\u00c1N\u00cd<\/strong>&nbsp;<strong>, KTER<\/strong>&nbsp;<strong>\u00c9&nbsp;<\/strong><strong>P\u0158EVA\u017dUJ\u00cd NAD VA\u0160<\/strong>&nbsp;<strong>IMI Z<\/strong>&nbsp;<strong>\u00c1<\/strong>&nbsp;<strong>JMY NEBO PR<\/strong>&nbsp;<strong>\u00c1<\/strong>&nbsp;<strong>VY.<\/strong><\/p>\n\n\n\n<p class=\"has-medium-font-size\">Ve\u0161ker\u00e9 sv\u00e9 \u017e\u00e1dosti pod\u00e1vejte prost\u0159ednictv\u00edm v\u00fd\u0161e uveden\u00fdch kontaktn\u00edch \u00fadaj\u016f.<\/p>\n\n\n\n<p class=\"has-medium-font-size\">D\u00e1le m\u00e1te pr\u00e1vo kdykoli se obr\u00e1tit se sv\u00fdm podn\u011btem nebo st\u00ed\u017enost\u00ed na \u00da\u0159ad pro ochranu osobn\u00edch \u00fadaj\u016f (<a href=\"http:\/\/www.uoou.cz\/\">www.uoou.cz<\/a>).<\/p>\n","protected":false},"excerpt":{"rendered":"Kdo je odpov\u011bdn\u00fd za zpracov\u00e1n\u00ed Va\u0161ich osobn\u00edch \u00fadaj\u016f? Spr\u00e1vce: HugoFreund.com&nbsp;Hugo Freund &amp; Co. s.r.o.,I\u010cO: 01688138,&nbsp;Gol\u010dova 486, Kunratice, 140 04, Praha, Czechia,&nbsp;(\u201eSpr\u00e1vce\u201c nebo \u201emy\u201c) Kontaktn\u00ed \u00fadaje:&nbsp;8@HugoFreund.com Pro\u010d a jak jsou Va\u0161e osobn\u00ed \u00fadaje zpracov\u00e1v\u00e1ny? \u00da\u010dely zpracov\u00e1n\u00ed: Spr\u00e1vce zpracov\u00e1v\u00e1 Va\u0161e osobn\u00ed \u00fadaje \u2022 v rozsahu uveden\u00e9m na smlouv\u011b\/reklama\u010dn\u00edm protokolu \u2022 Va\u0161\u00ed transak\u010dn\u00ed historii, p\u0159\u00edpadn\u011b v\u00fdsledky reklama\u010dn\u00edho \u0159\u00edzen\u00ed [&hellip;]","protected":false},"author":1,"featured_media":0,"parent":0,"menu_order":0,"comment_status":"closed","ping_status":"closed","template":"","meta":{"footnotes":""},"class_list":["post-274","page","type-page","status-publish","hentry"],"acf":[],"yoast_head":"<!-- This site is optimized with the Yoast SEO plugin v20.0 - https:\/\/yoast.com\/wordpress\/plugins\/seo\/ -->\n<title>Privacy Policy - Hugo Freund &amp; Co.<\/title>\n<meta name=\"robots\" content=\"index, follow, max-snippet:-1, max-image-preview:large, max-video-preview:-1\" \/>\n<link rel=\"canonical\" href=\"https:\/\/www.hugofreund.com\/en\/privacy-policy\/\" \/>\n<meta property=\"og:locale\" content=\"en_US\" \/>\n<meta property=\"og:type\" content=\"article\" \/>\n<meta property=\"og:title\" content=\"Privacy Policy - Hugo Freund &amp; Co.\" \/>\n<meta property=\"og:description\" content=\"Kdo je odpov\u011bdn\u00fd za zpracov\u00e1n\u00ed Va\u0161ich osobn\u00edch \u00fadaj\u016f? Spr\u00e1vce: HugoFreund.com&nbsp;Hugo Freund &amp; Co. s.r.o.,I\u010cO: 01688138,&nbsp;Gol\u010dova 486, Kunratice, 140 04, Praha, Czechia,&nbsp;(\u201eSpr\u00e1vce\u201c nebo \u201emy\u201c) Kontaktn\u00ed \u00fadaje:&nbsp;8@HugoFreund.com Pro\u010d a jak jsou Va\u0161e osobn\u00ed \u00fadaje zpracov\u00e1v\u00e1ny? \u00da\u010dely zpracov\u00e1n\u00ed: Spr\u00e1vce zpracov\u00e1v\u00e1 Va\u0161e osobn\u00ed \u00fadaje \u2022 v rozsahu uveden\u00e9m na smlouv\u011b\/reklama\u010dn\u00edm protokolu \u2022 Va\u0161\u00ed transak\u010dn\u00ed historii, p\u0159\u00edpadn\u011b v\u00fdsledky reklama\u010dn\u00edho \u0159\u00edzen\u00ed [&hellip;]\" \/>\n<meta property=\"og:url\" content=\"https:\/\/www.hugofreund.com\/en\/privacy-policy\/\" \/>\n<meta property=\"og:site_name\" content=\"Hugo Freund &amp; Co.\" \/>\n<meta property=\"article:modified_time\" content=\"2023-01-31T11:01:18+00:00\" \/>\n<meta name=\"twitter:card\" content=\"summary_large_image\" \/>\n<meta name=\"twitter:label1\" content=\"Est. reading time\" \/>\n\t<meta name=\"twitter:data1\" content=\"5 minutes\" \/>\n<script type=\"application\/ld+json\" class=\"yoast-schema-graph\">{\"@context\":\"https:\/\/schema.org\",\"@graph\":[{\"@type\":\"WebPage\",\"@id\":\"https:\/\/www.hugofreund.com\/en\/privacy-policy\/\",\"url\":\"https:\/\/www.hugofreund.com\/en\/privacy-policy\/\",\"name\":\"Privacy Policy - Hugo Freund &amp; Co.\",\"isPartOf\":{\"@id\":\"https:\/\/www.hugofreund.com\/#website\"},\"datePublished\":\"2022-12-16T12:24:40+00:00\",\"dateModified\":\"2023-01-31T11:01:18+00:00\",\"inLanguage\":\"en-US\",\"potentialAction\":[{\"@type\":\"ReadAction\",\"target\":[\"https:\/\/www.hugofreund.com\/en\/privacy-policy\/\"]}]},{\"@type\":\"WebSite\",\"@id\":\"https:\/\/www.hugofreund.com\/#website\",\"url\":\"https:\/\/www.hugofreund.com\/\",\"name\":\"Hugo Freund &amp; Co.\",\"description\":\"\",\"potentialAction\":[{\"@type\":\"SearchAction\",\"target\":{\"@type\":\"EntryPoint\",\"urlTemplate\":\"https:\/\/www.hugofreund.com\/?s={search_term_string}\"},\"query-input\":\"required name=search_term_string\"}],\"inLanguage\":\"en-US\"}]}<\/script>\n<!-- \/ Yoast SEO plugin. -->","yoast_head_json":{"title":"Privacy Policy - Hugo Freund &amp; Co.","robots":{"index":"index","follow":"follow","max-snippet":"max-snippet:-1","max-image-preview":"max-image-preview:large","max-video-preview":"max-video-preview:-1"},"canonical":"https:\/\/www.hugofreund.com\/en\/privacy-policy\/","og_locale":"en_US","og_type":"article","og_title":"Privacy Policy - Hugo Freund &amp; Co.","og_description":"Kdo je odpov\u011bdn\u00fd za zpracov\u00e1n\u00ed Va\u0161ich osobn\u00edch \u00fadaj\u016f? Spr\u00e1vce: HugoFreund.com&nbsp;Hugo Freund &amp; Co. s.r.o.,I\u010cO: 01688138,&nbsp;Gol\u010dova 486, Kunratice, 140 04, Praha, Czechia,&nbsp;(\u201eSpr\u00e1vce\u201c nebo \u201emy\u201c) Kontaktn\u00ed \u00fadaje:&nbsp;8@HugoFreund.com Pro\u010d a jak jsou Va\u0161e osobn\u00ed \u00fadaje zpracov\u00e1v\u00e1ny? \u00da\u010dely zpracov\u00e1n\u00ed: Spr\u00e1vce zpracov\u00e1v\u00e1 Va\u0161e osobn\u00ed \u00fadaje \u2022 v rozsahu uveden\u00e9m na smlouv\u011b\/reklama\u010dn\u00edm protokolu \u2022 Va\u0161\u00ed transak\u010dn\u00ed historii, p\u0159\u00edpadn\u011b v\u00fdsledky reklama\u010dn\u00edho \u0159\u00edzen\u00ed [&hellip;]","og_url":"https:\/\/www.hugofreund.com\/en\/privacy-policy\/","og_site_name":"Hugo Freund &amp; Co.","article_modified_time":"2023-01-31T11:01:18+00:00","twitter_card":"summary_large_image","twitter_misc":{"Est. reading time":"5 minutes"},"schema":{"@context":"https:\/\/schema.org","@graph":[{"@type":"WebPage","@id":"https:\/\/www.hugofreund.com\/en\/privacy-policy\/","url":"https:\/\/www.hugofreund.com\/en\/privacy-policy\/","name":"Privacy Policy - Hugo Freund &amp; Co.","isPartOf":{"@id":"https:\/\/www.hugofreund.com\/#website"},"datePublished":"2022-12-16T12:24:40+00:00","dateModified":"2023-01-31T11:01:18+00:00","inLanguage":"en-US","potentialAction":[{"@type":"ReadAction","target":["https:\/\/www.hugofreund.com\/en\/privacy-policy\/"]}]},{"@type":"WebSite","@id":"https:\/\/www.hugofreund.com\/#website","url":"https:\/\/www.hugofreund.com\/","name":"Hugo Freund &amp; Co.","description":"","potentialAction":[{"@type":"SearchAction","target":{"@type":"EntryPoint","urlTemplate":"https:\/\/www.hugofreund.com\/?s={search_term_string}"},"query-input":"required name=search_term_string"}],"inLanguage":"en-US"}]}},"_links":{"self":[{"href":"https:\/\/www.hugofreund.com\/en\/wp-json\/wp\/v2\/pages\/274","targetHints":{"allow":["GET"]}}],"collection":[{"href":"https:\/\/www.hugofreund.com\/en\/wp-json\/wp\/v2\/pages"}],"about":[{"href":"https:\/\/www.hugofreund.com\/en\/wp-json\/wp\/v2\/types\/page"}],"author":[{"embeddable":true,"href":"https:\/\/www.hugofreund.com\/en\/wp-json\/wp\/v2\/users\/1"}],"replies":[{"embeddable":true,"href":"https:\/\/www.hugofreund.com\/en\/wp-json\/wp\/v2\/comments?post=274"}],"version-history":[{"count":4,"href":"https:\/\/www.hugofreund.com\/en\/wp-json\/wp\/v2\/pages\/274\/revisions"}],"predecessor-version":[{"id":1099,"href":"https:\/\/www.hugofreund.com\/en\/wp-json\/wp\/v2\/pages\/274\/revisions\/1099"}],"wp:attachment":[{"href":"https:\/\/www.hugofreund.com\/en\/wp-json\/wp\/v2\/media?parent=274"}],"curies":[{"name":"wp","href":"https:\/\/api.w.org\/{rel}","templated":true}]}}