{"id":378,"date":"2023-01-24T21:05:47","date_gmt":"2023-01-24T20:05:47","guid":{"rendered":"https:\/\/www.hugofreund.com\/produkty\/1-g-gold\/"},"modified":"2023-04-30T14:42:13","modified_gmt":"2023-04-30T12:42:13","slug":"1-g-gold","status":"publish","type":"product","link":"https:\/\/www.hugofreund.com\/en\/products\/1-g-gold\/","title":{"rendered":"1 g Gold"},"content":{"rendered":"<p>A universal and affordable bullion with which everyone can invest in gold. Buy 1 gram of gold and start building your investment base.<\/p>\n<ul>\n<li>LBMA Good Delivery International Standard<\/li>\n<li>The oldest gold and silver refinery in Germany<\/li>\n<li>Possibility of immediate sale and purchase<\/li>\n<\/ul>\n","protected":false},"excerpt":{"rendered":"A universal and affordable bullion with which everyone can invest in gold. Buy 1 gram of gold and start building your investment base. LBMA Good Delivery International Standard The oldest gold and silver refinery in Germany Possibility of immediate sale and purchase","protected":false},"featured_media":379,"template":"","meta":[],"product_cat":[47],"product_tag":[],"class_list":["post-378","product","type-product","status-publish","has-post-thumbnail","hentry","product_cat-gold"],"acf":[],"yoast_head":"<!-- This site is optimized with the Yoast SEO plugin v20.0 - https:\/\/yoast.com\/wordpress\/plugins\/seo\/ -->\n<title>1 g Gold | Hugo Freund &amp; Co.<\/title>\n<meta name=\"description\" content=\"Za\u010dn\u011bte investovat do drah\u00fdch kov\u016f. \u2705 Tak\u00e9 1 gram zlata m\u00e1 svou cenu. \u2705 Uchovejte snadno hodnotu sv\u00fdch pen\u011bz nebo kupte 1 g zlata jako d\u00e1rek\" \/>\n<meta name=\"robots\" content=\"index, follow, max-snippet:-1, max-image-preview:large, max-video-preview:-1\" \/>\n<link rel=\"canonical\" href=\"https:\/\/www.hugofreund.com\/en\/products\/1-g-gold\/\" \/>\n<meta property=\"og:locale\" content=\"en_US\" \/>\n<meta property=\"og:type\" content=\"article\" \/>\n<meta property=\"og:title\" content=\"1 g Gold | Hugo Freund &amp; Co.\" \/>\n<meta property=\"og:description\" content=\"Za\u010dn\u011bte investovat do drah\u00fdch kov\u016f. \u2705 Tak\u00e9 1 gram zlata m\u00e1 svou cenu. \u2705 Uchovejte snadno hodnotu sv\u00fdch pen\u011bz nebo kupte 1 g zlata jako d\u00e1rek\" \/>\n<meta property=\"og:url\" content=\"https:\/\/www.hugofreund.com\/en\/products\/1-g-gold\/\" \/>\n<meta property=\"og:site_name\" content=\"Hugo Freund &amp; Co.\" \/>\n<meta property=\"article:modified_time\" content=\"2023-04-30T12:42:13+00:00\" \/>\n<meta property=\"og:image\" content=\"https:\/\/www.hugofreund.com\/wp-content\/uploads\/2023\/01\/1-g-gold-bar-stamped_hugo_bullion.webp\" \/>\n\t<meta property=\"og:image:width\" content=\"251\" \/>\n\t<meta property=\"og:image:height\" content=\"414\" \/>\n\t<meta property=\"og:image:type\" content=\"image\/webp\" \/>\n<meta name=\"twitter:card\" content=\"summary_large_image\" \/>\n<meta name=\"twitter:label1\" content=\"Est. reading time\" \/>\n\t<meta name=\"twitter:data1\" content=\"1 minute\" \/>\n<script type=\"application\/ld+json\" class=\"yoast-schema-graph\">{\"@context\":\"https:\/\/schema.org\",\"@graph\":[{\"@type\":\"WebPage\",\"@id\":\"https:\/\/www.hugofreund.com\/en\/products\/1-g-gold\/\",\"url\":\"https:\/\/www.hugofreund.com\/en\/products\/1-g-gold\/\",\"name\":\"1 g Gold | Hugo Freund &amp; Co.\",\"isPartOf\":{\"@id\":\"https:\/\/www.hugofreund.com\/#website\"},\"datePublished\":\"2023-01-24T20:05:47+00:00\",\"dateModified\":\"2023-04-30T12:42:13+00:00\",\"description\":\"Za\u010dn\u011bte investovat do drah\u00fdch kov\u016f. \u2705 Tak\u00e9 1 gram zlata m\u00e1 svou cenu. \u2705 Uchovejte snadno hodnotu sv\u00fdch pen\u011bz nebo kupte 1 g zlata jako d\u00e1rek\",\"breadcrumb\":{\"@id\":\"https:\/\/www.hugofreund.com\/en\/products\/1-g-gold\/#breadcrumb\"},\"inLanguage\":\"en-US\",\"potentialAction\":[{\"@type\":\"ReadAction\",\"target\":[\"https:\/\/www.hugofreund.com\/en\/products\/1-g-gold\/\"]}]},{\"@type\":\"BreadcrumbList\",\"@id\":\"https:\/\/www.hugofreund.com\/en\/products\/1-g-gold\/#breadcrumb\",\"itemListElement\":[{\"@type\":\"ListItem\",\"position\":1,\"name\":\"Products\",\"item\":\"https:\/\/www.hugofreund.com\/en\/products\/\"},{\"@type\":\"ListItem\",\"position\":2,\"name\":\"1 g Gold\"}]},{\"@type\":\"WebSite\",\"@id\":\"https:\/\/www.hugofreund.com\/#website\",\"url\":\"https:\/\/www.hugofreund.com\/\",\"name\":\"Hugo Freund &amp; Co.\",\"description\":\"\",\"potentialAction\":[{\"@type\":\"SearchAction\",\"target\":{\"@type\":\"EntryPoint\",\"urlTemplate\":\"https:\/\/www.hugofreund.com\/?s={search_term_string}\"},\"query-input\":\"required name=search_term_string\"}],\"inLanguage\":\"en-US\"}]}<\/script>\n<!-- \/ Yoast SEO plugin. -->","yoast_head_json":{"title":"1 g Gold | Hugo Freund &amp; Co.","description":"Za\u010dn\u011bte investovat do drah\u00fdch kov\u016f. \u2705 Tak\u00e9 1 gram zlata m\u00e1 svou cenu. \u2705 Uchovejte snadno hodnotu sv\u00fdch pen\u011bz nebo kupte 1 g zlata jako d\u00e1rek","robots":{"index":"index","follow":"follow","max-snippet":"max-snippet:-1","max-image-preview":"max-image-preview:large","max-video-preview":"max-video-preview:-1"},"canonical":"https:\/\/www.hugofreund.com\/en\/products\/1-g-gold\/","og_locale":"en_US","og_type":"article","og_title":"1 g Gold | Hugo Freund &amp; Co.","og_description":"Za\u010dn\u011bte investovat do drah\u00fdch kov\u016f. \u2705 Tak\u00e9 1 gram zlata m\u00e1 svou cenu. \u2705 Uchovejte snadno hodnotu sv\u00fdch pen\u011bz nebo kupte 1 g zlata jako d\u00e1rek","og_url":"https:\/\/www.hugofreund.com\/en\/products\/1-g-gold\/","og_site_name":"Hugo Freund &amp; Co.","article_modified_time":"2023-04-30T12:42:13+00:00","og_image":[{"width":251,"height":414,"url":"https:\/\/www.hugofreund.com\/wp-content\/uploads\/2023\/01\/1-g-gold-bar-stamped_hugo_bullion.webp","type":"image\/webp"}],"twitter_card":"summary_large_image","twitter_misc":{"Est. reading time":"1 minute"},"schema":{"@context":"https:\/\/schema.org","@graph":[{"@type":"WebPage","@id":"https:\/\/www.hugofreund.com\/en\/products\/1-g-gold\/","url":"https:\/\/www.hugofreund.com\/en\/products\/1-g-gold\/","name":"1 g Gold | Hugo Freund &amp; Co.","isPartOf":{"@id":"https:\/\/www.hugofreund.com\/#website"},"datePublished":"2023-01-24T20:05:47+00:00","dateModified":"2023-04-30T12:42:13+00:00","description":"Za\u010dn\u011bte investovat do drah\u00fdch kov\u016f. \u2705 Tak\u00e9 1 gram zlata m\u00e1 svou cenu. \u2705 Uchovejte snadno hodnotu sv\u00fdch pen\u011bz nebo kupte 1 g zlata jako d\u00e1rek","breadcrumb":{"@id":"https:\/\/www.hugofreund.com\/en\/products\/1-g-gold\/#breadcrumb"},"inLanguage":"en-US","potentialAction":[{"@type":"ReadAction","target":["https:\/\/www.hugofreund.com\/en\/products\/1-g-gold\/"]}]},{"@type":"BreadcrumbList","@id":"https:\/\/www.hugofreund.com\/en\/products\/1-g-gold\/#breadcrumb","itemListElement":[{"@type":"ListItem","position":1,"name":"Products","item":"https:\/\/www.hugofreund.com\/en\/products\/"},{"@type":"ListItem","position":2,"name":"1 g Gold"}]},{"@type":"WebSite","@id":"https:\/\/www.hugofreund.com\/#website","url":"https:\/\/www.hugofreund.com\/","name":"Hugo Freund &amp; Co.","description":"","potentialAction":[{"@type":"SearchAction","target":{"@type":"EntryPoint","urlTemplate":"https:\/\/www.hugofreund.com\/?s={search_term_string}"},"query-input":"required name=search_term_string"}],"inLanguage":"en-US"}]}},"_links":{"self":[{"href":"https:\/\/www.hugofreund.com\/en\/wp-json\/wp\/v2\/product\/378","targetHints":{"allow":["GET"]}}],"collection":[{"href":"https:\/\/www.hugofreund.com\/en\/wp-json\/wp\/v2\/product"}],"about":[{"href":"https:\/\/www.hugofreund.com\/en\/wp-json\/wp\/v2\/types\/product"}],"wp:featuredmedia":[{"embeddable":true,"href":"https:\/\/www.hugofreund.com\/en\/wp-json\/wp\/v2\/media\/379"}],"wp:attachment":[{"href":"https:\/\/www.hugofreund.com\/en\/wp-json\/wp\/v2\/media?parent=378"}],"wp:term":[{"taxonomy":"product_cat","embeddable":true,"href":"https:\/\/www.hugofreund.com\/en\/wp-json\/wp\/v2\/product_cat?post=378"},{"taxonomy":"product_tag","embeddable":true,"href":"https:\/\/www.hugofreund.com\/en\/wp-json\/wp\/v2\/product_tag?post=378"}],"curies":[{"name":"wp","href":"https:\/\/api.w.org\/{rel}","templated":true}]}}