{"id":398,"date":"2023-01-24T21:05:47","date_gmt":"2023-01-24T20:05:47","guid":{"rendered":"https:\/\/www.hugofreund.com\/produkty\/10-g-gold\/"},"modified":"2023-04-30T14:42:13","modified_gmt":"2023-04-30T12:42:13","slug":"10-g-gold","status":"publish","type":"product","link":"https:\/\/www.hugofreund.com\/en\/products\/10-g-gold\/","title":{"rendered":"10 g Gold"},"content":{"rendered":"<p>Invest in 10g gold bars that are flexible and easily portable. Supplement your portfolio with affordable investment gold.<\/p>\n<ul>\n<li style=\"font-weight: 400;\" aria-level=\"1\">LBMA Good Delivery International Standard<\/li>\n<li style=\"font-weight: 400;\" aria-level=\"1\">The oldest gold and silver refinery in Germany<\/li>\n<li style=\"font-weight: 400;\" aria-level=\"1\">Possibility of immediate sale and purchase<\/li>\n<\/ul>\n","protected":false},"excerpt":{"rendered":"Invest in 10g gold bars that are flexible and easily portable. Supplement your portfolio with affordable investment gold. LBMA Good Delivery International Standard The oldest gold and silver refinery in Germany Possibility of immediate sale and purchase","protected":false},"featured_media":399,"template":"","meta":[],"product_cat":[47],"product_tag":[],"class_list":["post-398","product","type-product","status-publish","has-post-thumbnail","hentry","product_cat-gold"],"acf":[],"yoast_head":"<!-- This site is optimized with the Yoast SEO plugin v20.0 - https:\/\/yoast.com\/wordpress\/plugins\/seo\/ -->\n<title>10 g Gold - Hugo Freund &amp; Co.<\/title>\n<meta name=\"description\" content=\"Za\u010dn\u011bte snadno investovat do drah\u00fdch kov\u016f. \u2705 Kupte si sv\u016fj 10g zlat\u00fd slitek a tvo\u0159te vlastn\u00ed z\u00e1soby. \u2705 Vyu\u017eijte neust\u00e1l\u00fd r\u016fst ceny zlata proti inflaci.\" \/>\n<meta name=\"robots\" content=\"index, follow, max-snippet:-1, max-image-preview:large, max-video-preview:-1\" \/>\n<link rel=\"canonical\" href=\"https:\/\/www.hugofreund.com\/en\/products\/10-g-gold\/\" \/>\n<meta property=\"og:locale\" content=\"en_US\" \/>\n<meta property=\"og:type\" content=\"article\" \/>\n<meta property=\"og:title\" content=\"10 g Gold - Hugo Freund &amp; Co.\" \/>\n<meta property=\"og:description\" content=\"Za\u010dn\u011bte snadno investovat do drah\u00fdch kov\u016f. \u2705 Kupte si sv\u016fj 10g zlat\u00fd slitek a tvo\u0159te vlastn\u00ed z\u00e1soby. \u2705 Vyu\u017eijte neust\u00e1l\u00fd r\u016fst ceny zlata proti inflaci.\" \/>\n<meta property=\"og:url\" content=\"https:\/\/www.hugofreund.com\/en\/products\/10-g-gold\/\" \/>\n<meta property=\"og:site_name\" content=\"Hugo Freund &amp; Co.\" \/>\n<meta property=\"article:modified_time\" content=\"2023-04-30T12:42:13+00:00\" \/>\n<meta property=\"og:image\" content=\"https:\/\/www.hugofreund.com\/wp-content\/uploads\/2023\/01\/10-g-gold-bar-cast_hugo_bullion.webp\" \/>\n\t<meta property=\"og:image:width\" content=\"247\" \/>\n\t<meta property=\"og:image:height\" content=\"244\" \/>\n\t<meta property=\"og:image:type\" content=\"image\/webp\" \/>\n<meta name=\"twitter:card\" content=\"summary_large_image\" \/>\n<meta name=\"twitter:label1\" content=\"Est. reading time\" \/>\n\t<meta name=\"twitter:data1\" content=\"1 minute\" \/>\n<script type=\"application\/ld+json\" class=\"yoast-schema-graph\">{\"@context\":\"https:\/\/schema.org\",\"@graph\":[{\"@type\":\"WebPage\",\"@id\":\"https:\/\/www.hugofreund.com\/en\/products\/10-g-gold\/\",\"url\":\"https:\/\/www.hugofreund.com\/en\/products\/10-g-gold\/\",\"name\":\"10 g Gold - Hugo Freund &amp; Co.\",\"isPartOf\":{\"@id\":\"https:\/\/www.hugofreund.com\/#website\"},\"datePublished\":\"2023-01-24T20:05:47+00:00\",\"dateModified\":\"2023-04-30T12:42:13+00:00\",\"description\":\"Za\u010dn\u011bte snadno investovat do drah\u00fdch kov\u016f. \u2705 Kupte si sv\u016fj 10g zlat\u00fd slitek a tvo\u0159te vlastn\u00ed z\u00e1soby. \u2705 Vyu\u017eijte neust\u00e1l\u00fd r\u016fst ceny zlata proti inflaci.\",\"breadcrumb\":{\"@id\":\"https:\/\/www.hugofreund.com\/en\/products\/10-g-gold\/#breadcrumb\"},\"inLanguage\":\"en-US\",\"potentialAction\":[{\"@type\":\"ReadAction\",\"target\":[\"https:\/\/www.hugofreund.com\/en\/products\/10-g-gold\/\"]}]},{\"@type\":\"BreadcrumbList\",\"@id\":\"https:\/\/www.hugofreund.com\/en\/products\/10-g-gold\/#breadcrumb\",\"itemListElement\":[{\"@type\":\"ListItem\",\"position\":1,\"name\":\"Products\",\"item\":\"https:\/\/www.hugofreund.com\/en\/products\/\"},{\"@type\":\"ListItem\",\"position\":2,\"name\":\"10 g Gold\"}]},{\"@type\":\"WebSite\",\"@id\":\"https:\/\/www.hugofreund.com\/#website\",\"url\":\"https:\/\/www.hugofreund.com\/\",\"name\":\"Hugo Freund &amp; Co.\",\"description\":\"\",\"potentialAction\":[{\"@type\":\"SearchAction\",\"target\":{\"@type\":\"EntryPoint\",\"urlTemplate\":\"https:\/\/www.hugofreund.com\/?s={search_term_string}\"},\"query-input\":\"required name=search_term_string\"}],\"inLanguage\":\"en-US\"}]}<\/script>\n<!-- \/ Yoast SEO plugin. -->","yoast_head_json":{"title":"10 g Gold - Hugo Freund &amp; Co.","description":"Za\u010dn\u011bte snadno investovat do drah\u00fdch kov\u016f. \u2705 Kupte si sv\u016fj 10g zlat\u00fd slitek a tvo\u0159te vlastn\u00ed z\u00e1soby. \u2705 Vyu\u017eijte neust\u00e1l\u00fd r\u016fst ceny zlata proti inflaci.","robots":{"index":"index","follow":"follow","max-snippet":"max-snippet:-1","max-image-preview":"max-image-preview:large","max-video-preview":"max-video-preview:-1"},"canonical":"https:\/\/www.hugofreund.com\/en\/products\/10-g-gold\/","og_locale":"en_US","og_type":"article","og_title":"10 g Gold - Hugo Freund &amp; Co.","og_description":"Za\u010dn\u011bte snadno investovat do drah\u00fdch kov\u016f. \u2705 Kupte si sv\u016fj 10g zlat\u00fd slitek a tvo\u0159te vlastn\u00ed z\u00e1soby. \u2705 Vyu\u017eijte neust\u00e1l\u00fd r\u016fst ceny zlata proti inflaci.","og_url":"https:\/\/www.hugofreund.com\/en\/products\/10-g-gold\/","og_site_name":"Hugo Freund &amp; Co.","article_modified_time":"2023-04-30T12:42:13+00:00","og_image":[{"width":247,"height":244,"url":"https:\/\/www.hugofreund.com\/wp-content\/uploads\/2023\/01\/10-g-gold-bar-cast_hugo_bullion.webp","type":"image\/webp"}],"twitter_card":"summary_large_image","twitter_misc":{"Est. reading time":"1 minute"},"schema":{"@context":"https:\/\/schema.org","@graph":[{"@type":"WebPage","@id":"https:\/\/www.hugofreund.com\/en\/products\/10-g-gold\/","url":"https:\/\/www.hugofreund.com\/en\/products\/10-g-gold\/","name":"10 g Gold - Hugo Freund &amp; Co.","isPartOf":{"@id":"https:\/\/www.hugofreund.com\/#website"},"datePublished":"2023-01-24T20:05:47+00:00","dateModified":"2023-04-30T12:42:13+00:00","description":"Za\u010dn\u011bte snadno investovat do drah\u00fdch kov\u016f. \u2705 Kupte si sv\u016fj 10g zlat\u00fd slitek a tvo\u0159te vlastn\u00ed z\u00e1soby. \u2705 Vyu\u017eijte neust\u00e1l\u00fd r\u016fst ceny zlata proti inflaci.","breadcrumb":{"@id":"https:\/\/www.hugofreund.com\/en\/products\/10-g-gold\/#breadcrumb"},"inLanguage":"en-US","potentialAction":[{"@type":"ReadAction","target":["https:\/\/www.hugofreund.com\/en\/products\/10-g-gold\/"]}]},{"@type":"BreadcrumbList","@id":"https:\/\/www.hugofreund.com\/en\/products\/10-g-gold\/#breadcrumb","itemListElement":[{"@type":"ListItem","position":1,"name":"Products","item":"https:\/\/www.hugofreund.com\/en\/products\/"},{"@type":"ListItem","position":2,"name":"10 g Gold"}]},{"@type":"WebSite","@id":"https:\/\/www.hugofreund.com\/#website","url":"https:\/\/www.hugofreund.com\/","name":"Hugo Freund &amp; Co.","description":"","potentialAction":[{"@type":"SearchAction","target":{"@type":"EntryPoint","urlTemplate":"https:\/\/www.hugofreund.com\/?s={search_term_string}"},"query-input":"required name=search_term_string"}],"inLanguage":"en-US"}]}},"_links":{"self":[{"href":"https:\/\/www.hugofreund.com\/en\/wp-json\/wp\/v2\/product\/398","targetHints":{"allow":["GET"]}}],"collection":[{"href":"https:\/\/www.hugofreund.com\/en\/wp-json\/wp\/v2\/product"}],"about":[{"href":"https:\/\/www.hugofreund.com\/en\/wp-json\/wp\/v2\/types\/product"}],"wp:featuredmedia":[{"embeddable":true,"href":"https:\/\/www.hugofreund.com\/en\/wp-json\/wp\/v2\/media\/399"}],"wp:attachment":[{"href":"https:\/\/www.hugofreund.com\/en\/wp-json\/wp\/v2\/media?parent=398"}],"wp:term":[{"taxonomy":"product_cat","embeddable":true,"href":"https:\/\/www.hugofreund.com\/en\/wp-json\/wp\/v2\/product_cat?post=398"},{"taxonomy":"product_tag","embeddable":true,"href":"https:\/\/www.hugofreund.com\/en\/wp-json\/wp\/v2\/product_tag?post=398"}],"curies":[{"name":"wp","href":"https:\/\/api.w.org\/{rel}","templated":true}]}}