{"id":428,"date":"2023-01-24T21:05:47","date_gmt":"2023-01-24T20:05:47","guid":{"rendered":"https:\/\/www.hugofreund.com\/produkty\/100x1g-unitybox-silver\/"},"modified":"2023-03-22T12:58:41","modified_gmt":"2023-03-22T11:58:41","slug":"100x1g-unitybox-silver","status":"publish","type":"product","link":"https:\/\/www.hugofreund.com\/en\/products\/100x1g-unitybox-silver\/","title":{"rendered":"100\u00d71g UnityBox Silver"},"content":{"rendered":"<p><span style=\"font-weight: 400;\">Vyu\u017eijte potenci\u00e1l <\/span><b>druh\u00e9 nejpou\u017e\u00edvan\u011bj\u0161\u00ed komodity<\/b><span style=\"font-weight: 400;\">. Investujte do dostupn\u00fdch st\u0159\u00edbrn\u00fdch slitk\u016f v setu 100\u00d71g.<\/span><\/p>\n<ul>\n<li style=\"font-weight: 400;\" aria-level=\"1\"><span style=\"font-weight: 400;\">Mezin\u00e1rodn\u00ed norma LBMA Good Delivery<\/span><\/li>\n<li style=\"font-weight: 400;\" aria-level=\"1\"><span style=\"font-weight: 400;\">Nejstar\u0161\u00ed rafin\u00e9rie zlata a st\u0159\u00edbra v N\u011bmecku<\/span><\/li>\n<li style=\"font-weight: 400;\" aria-level=\"1\"><span style=\"font-weight: 400;\">Mo\u017enost okam\u017eit\u00e9ho prodeje a v\u00fdkupu<\/span><\/li>\n<\/ul>\n","protected":false},"excerpt":{"rendered":"Vyu\u017eijte potenci\u00e1l druh\u00e9 nejpou\u017e\u00edvan\u011bj\u0161\u00ed komodity. Investujte do dostupn\u00fdch st\u0159\u00edbrn\u00fdch slitk\u016f v setu 100\u00d71g. Mezin\u00e1rodn\u00ed norma LBMA Good Delivery Nejstar\u0161\u00ed rafin\u00e9rie zlata a st\u0159\u00edbra v N\u011bmecku Mo\u017enost okam\u017eit\u00e9ho prodeje a v\u00fdkupu","protected":false},"featured_media":429,"template":"","meta":[],"product_cat":[46],"product_tag":[],"class_list":["post-428","product","type-product","status-publish","has-post-thumbnail","hentry","product_cat-silver"],"acf":[],"yoast_head":"<!-- This site is optimized with the Yoast SEO plugin v20.0 - https:\/\/yoast.com\/wordpress\/plugins\/seo\/ -->\n<title>100\u00d71g UnityBox Silver - Hugo Freund &amp; Co.<\/title>\n<meta name=\"description\" content=\"Investujte jednodu\u0161e do druh\u00e9ho nejobl\u00edben\u011bj\u0161\u00edho kovu. \u2705 Nakupujte st\u0159\u00edbrn\u00e9 slitky o hmotnosti 100\u00d71g od \u0161pi\u010dkov\u00e9 rafinerie Heimerle + Meule.\" \/>\n<meta name=\"robots\" content=\"index, follow, max-snippet:-1, max-image-preview:large, max-video-preview:-1\" \/>\n<link rel=\"canonical\" href=\"https:\/\/www.hugofreund.com\/en\/products\/100x1g-unitybox-silver\/\" \/>\n<meta property=\"og:locale\" content=\"en_US\" \/>\n<meta property=\"og:type\" content=\"article\" \/>\n<meta property=\"og:title\" content=\"100\u00d71g UnityBox Silver - Hugo Freund &amp; Co.\" \/>\n<meta property=\"og:description\" content=\"Investujte jednodu\u0161e do druh\u00e9ho nejobl\u00edben\u011bj\u0161\u00edho kovu. \u2705 Nakupujte st\u0159\u00edbrn\u00e9 slitky o hmotnosti 100\u00d71g od \u0161pi\u010dkov\u00e9 rafinerie Heimerle + Meule.\" \/>\n<meta property=\"og:url\" content=\"https:\/\/www.hugofreund.com\/en\/products\/100x1g-unitybox-silver\/\" \/>\n<meta property=\"og:site_name\" content=\"Hugo Freund &amp; Co.\" \/>\n<meta property=\"article:modified_time\" content=\"2023-03-22T11:58:41+00:00\" \/>\n<meta property=\"og:image\" content=\"https:\/\/www.hugofreund.com\/wp-content\/uploads\/2023\/01\/unitybox-silver_hugo_bullion.webp\" \/>\n\t<meta property=\"og:image:width\" content=\"556\" \/>\n\t<meta property=\"og:image:height\" content=\"590\" \/>\n\t<meta property=\"og:image:type\" content=\"image\/webp\" \/>\n<meta name=\"twitter:card\" content=\"summary_large_image\" \/>\n<meta name=\"twitter:label1\" content=\"Est. reading time\" \/>\n\t<meta name=\"twitter:data1\" content=\"1 minute\" \/>\n<script type=\"application\/ld+json\" class=\"yoast-schema-graph\">{\"@context\":\"https:\/\/schema.org\",\"@graph\":[{\"@type\":\"WebPage\",\"@id\":\"https:\/\/www.hugofreund.com\/en\/products\/100x1g-unitybox-silver\/\",\"url\":\"https:\/\/www.hugofreund.com\/en\/products\/100x1g-unitybox-silver\/\",\"name\":\"100\u00d71g UnityBox Silver - Hugo Freund &amp; Co.\",\"isPartOf\":{\"@id\":\"https:\/\/www.hugofreund.com\/#website\"},\"datePublished\":\"2023-01-24T20:05:47+00:00\",\"dateModified\":\"2023-03-22T11:58:41+00:00\",\"description\":\"Investujte jednodu\u0161e do druh\u00e9ho nejobl\u00edben\u011bj\u0161\u00edho kovu. \u2705 Nakupujte st\u0159\u00edbrn\u00e9 slitky o hmotnosti 100\u00d71g od \u0161pi\u010dkov\u00e9 rafinerie Heimerle + Meule.\",\"breadcrumb\":{\"@id\":\"https:\/\/www.hugofreund.com\/en\/products\/100x1g-unitybox-silver\/#breadcrumb\"},\"inLanguage\":\"en-US\",\"potentialAction\":[{\"@type\":\"ReadAction\",\"target\":[\"https:\/\/www.hugofreund.com\/en\/products\/100x1g-unitybox-silver\/\"]}]},{\"@type\":\"BreadcrumbList\",\"@id\":\"https:\/\/www.hugofreund.com\/en\/products\/100x1g-unitybox-silver\/#breadcrumb\",\"itemListElement\":[{\"@type\":\"ListItem\",\"position\":1,\"name\":\"Products\",\"item\":\"https:\/\/www.hugofreund.com\/en\/products\/\"},{\"@type\":\"ListItem\",\"position\":2,\"name\":\"100\u00d71g UnityBox Silver\"}]},{\"@type\":\"WebSite\",\"@id\":\"https:\/\/www.hugofreund.com\/#website\",\"url\":\"https:\/\/www.hugofreund.com\/\",\"name\":\"Hugo Freund &amp; Co.\",\"description\":\"\",\"potentialAction\":[{\"@type\":\"SearchAction\",\"target\":{\"@type\":\"EntryPoint\",\"urlTemplate\":\"https:\/\/www.hugofreund.com\/?s={search_term_string}\"},\"query-input\":\"required name=search_term_string\"}],\"inLanguage\":\"en-US\"}]}<\/script>\n<!-- \/ Yoast SEO plugin. -->","yoast_head_json":{"title":"100\u00d71g UnityBox Silver - Hugo Freund &amp; Co.","description":"Investujte jednodu\u0161e do druh\u00e9ho nejobl\u00edben\u011bj\u0161\u00edho kovu. \u2705 Nakupujte st\u0159\u00edbrn\u00e9 slitky o hmotnosti 100\u00d71g od \u0161pi\u010dkov\u00e9 rafinerie Heimerle + Meule.","robots":{"index":"index","follow":"follow","max-snippet":"max-snippet:-1","max-image-preview":"max-image-preview:large","max-video-preview":"max-video-preview:-1"},"canonical":"https:\/\/www.hugofreund.com\/en\/products\/100x1g-unitybox-silver\/","og_locale":"en_US","og_type":"article","og_title":"100\u00d71g UnityBox Silver - Hugo Freund &amp; Co.","og_description":"Investujte jednodu\u0161e do druh\u00e9ho nejobl\u00edben\u011bj\u0161\u00edho kovu. \u2705 Nakupujte st\u0159\u00edbrn\u00e9 slitky o hmotnosti 100\u00d71g od \u0161pi\u010dkov\u00e9 rafinerie Heimerle + Meule.","og_url":"https:\/\/www.hugofreund.com\/en\/products\/100x1g-unitybox-silver\/","og_site_name":"Hugo Freund &amp; Co.","article_modified_time":"2023-03-22T11:58:41+00:00","og_image":[{"width":556,"height":590,"url":"https:\/\/www.hugofreund.com\/wp-content\/uploads\/2023\/01\/unitybox-silver_hugo_bullion.webp","type":"image\/webp"}],"twitter_card":"summary_large_image","twitter_misc":{"Est. reading time":"1 minute"},"schema":{"@context":"https:\/\/schema.org","@graph":[{"@type":"WebPage","@id":"https:\/\/www.hugofreund.com\/en\/products\/100x1g-unitybox-silver\/","url":"https:\/\/www.hugofreund.com\/en\/products\/100x1g-unitybox-silver\/","name":"100\u00d71g UnityBox Silver - Hugo Freund &amp; Co.","isPartOf":{"@id":"https:\/\/www.hugofreund.com\/#website"},"datePublished":"2023-01-24T20:05:47+00:00","dateModified":"2023-03-22T11:58:41+00:00","description":"Investujte jednodu\u0161e do druh\u00e9ho nejobl\u00edben\u011bj\u0161\u00edho kovu. \u2705 Nakupujte st\u0159\u00edbrn\u00e9 slitky o hmotnosti 100\u00d71g od \u0161pi\u010dkov\u00e9 rafinerie Heimerle + Meule.","breadcrumb":{"@id":"https:\/\/www.hugofreund.com\/en\/products\/100x1g-unitybox-silver\/#breadcrumb"},"inLanguage":"en-US","potentialAction":[{"@type":"ReadAction","target":["https:\/\/www.hugofreund.com\/en\/products\/100x1g-unitybox-silver\/"]}]},{"@type":"BreadcrumbList","@id":"https:\/\/www.hugofreund.com\/en\/products\/100x1g-unitybox-silver\/#breadcrumb","itemListElement":[{"@type":"ListItem","position":1,"name":"Products","item":"https:\/\/www.hugofreund.com\/en\/products\/"},{"@type":"ListItem","position":2,"name":"100\u00d71g UnityBox Silver"}]},{"@type":"WebSite","@id":"https:\/\/www.hugofreund.com\/#website","url":"https:\/\/www.hugofreund.com\/","name":"Hugo Freund &amp; Co.","description":"","potentialAction":[{"@type":"SearchAction","target":{"@type":"EntryPoint","urlTemplate":"https:\/\/www.hugofreund.com\/?s={search_term_string}"},"query-input":"required name=search_term_string"}],"inLanguage":"en-US"}]}},"_links":{"self":[{"href":"https:\/\/www.hugofreund.com\/en\/wp-json\/wp\/v2\/product\/428","targetHints":{"allow":["GET"]}}],"collection":[{"href":"https:\/\/www.hugofreund.com\/en\/wp-json\/wp\/v2\/product"}],"about":[{"href":"https:\/\/www.hugofreund.com\/en\/wp-json\/wp\/v2\/types\/product"}],"wp:featuredmedia":[{"embeddable":true,"href":"https:\/\/www.hugofreund.com\/en\/wp-json\/wp\/v2\/media\/429"}],"wp:attachment":[{"href":"https:\/\/www.hugofreund.com\/en\/wp-json\/wp\/v2\/media?parent=428"}],"wp:term":[{"taxonomy":"product_cat","embeddable":true,"href":"https:\/\/www.hugofreund.com\/en\/wp-json\/wp\/v2\/product_cat?post=428"},{"taxonomy":"product_tag","embeddable":true,"href":"https:\/\/www.hugofreund.com\/en\/wp-json\/wp\/v2\/product_tag?post=428"}],"curies":[{"name":"wp","href":"https:\/\/api.w.org\/{rel}","templated":true}]}}